{"id":519,"date":"2022-01-23T23:31:00","date_gmt":"2022-01-23T23:31:00","guid":{"rendered":"http:\/\/new.rentnoma.lv\/piegade\/"},"modified":"2022-03-17T00:00:26","modified_gmt":"2022-03-17T00:00:26","slug":"piegade","status":"publish","type":"page","link":"https:\/\/www.rentnoma.lv\/en\/piegade\/","title":{"rendered":"Car delivery"},"content":{"rendered":"\t\t<div data-elementor-type=\"wp-page\" data-elementor-id=\"519\" class=\"elementor elementor-519 elementor-225\">\n\t\t\t\t\t\t\t\t\t<section class=\"elementor-section elementor-top-section elementor-element elementor-element-81e625a elementor-section-height-min-height elementor-section-boxed elementor-section-height-default elementor-section-items-middle\" data-id=\"81e625a\" data-element_type=\"section\" data-settings=\"{&quot;background_background&quot;:&quot;classic&quot;}\">\n\t\t\t\t\t\t\t<div class=\"elementor-background-overlay\"><\/div>\n\t\t\t\t\t\t\t<div class=\"elementor-container elementor-column-gap-default\">\n\t\t\t\t\t<div class=\"elementor-column elementor-col-100 elementor-top-column elementor-element elementor-element-db22eec\" data-id=\"db22eec\" data-element_type=\"column\" data-settings=\"{&quot;background_background&quot;:&quot;classic&quot;}\">\n\t\t\t<div class=\"elementor-widget-wrap elementor-element-populated\">\n\t\t\t\t\t\t\t\t<div class=\"elementor-element elementor-element-e7b48c8 elementor-widget elementor-widget-heading\" data-id=\"e7b48c8\" data-element_type=\"widget\" data-widget_type=\"heading.default\">\n\t\t\t\t<div class=\"elementor-widget-container\">\n\t\t\t<style>\/*! elementor - v3.8.1 - 13-11-2022 *\/\n.elementor-heading-title{padding:0;margin:0;line-height:1}.elementor-widget-heading .elementor-heading-title[class*=elementor-size-]>a{color:inherit;font-size:inherit;line-height:inherit}.elementor-widget-heading .elementor-heading-title.elementor-size-small{font-size:15px}.elementor-widget-heading .elementor-heading-title.elementor-size-medium{font-size:19px}.elementor-widget-heading .elementor-heading-title.elementor-size-large{font-size:29px}.elementor-widget-heading .elementor-heading-title.elementor-size-xl{font-size:39px}.elementor-widget-heading .elementor-heading-title.elementor-size-xxl{font-size:59px}<\/style><h2 class=\"elementor-heading-title elementor-size-default\">Car delivery<\/h2>\t\t<\/div>\n\t\t\t\t<\/div>\n\t\t\t\t<div class=\"elementor-element elementor-element-57f9de3 elementor-widget elementor-widget-text-editor\" data-id=\"57f9de3\" data-element_type=\"widget\" data-widget_type=\"text-editor.default\">\n\t\t\t\t<div class=\"elementor-widget-container\">\n\t\t\t<style>\/*! elementor - v3.8.1 - 13-11-2022 *\/\n.elementor-widget-text-editor.elementor-drop-cap-view-stacked .elementor-drop-cap{background-color:#818a91;color:#fff}.elementor-widget-text-editor.elementor-drop-cap-view-framed .elementor-drop-cap{color:#818a91;border:3px solid;background-color:transparent}.elementor-widget-text-editor:not(.elementor-drop-cap-view-default) .elementor-drop-cap{margin-top:8px}.elementor-widget-text-editor:not(.elementor-drop-cap-view-default) .elementor-drop-cap-letter{width:1em;height:1em}.elementor-widget-text-editor .elementor-drop-cap{float:left;text-align:center;line-height:1;font-size:50px}.elementor-widget-text-editor .elementor-drop-cap-letter{display:inline-block}<\/style>\t\t\t\t<p> We offer car delivery to our specified addresses for a fee. See prices in the table below. We also offer car delivery to any other address, but at an individual price, which can be agreed by calling or e-mail. <\/p>\n\t\t\t\t\t\t<\/div>\n\t\t\t\t<\/div>\n\t\t\t\t<div class=\"elementor-element elementor-element-cda5d65 elementor-widget elementor-widget-text-editor\" data-id=\"cda5d65\" data-element_type=\"widget\" data-widget_type=\"text-editor.default\">\n\t\t\t\t<div class=\"elementor-widget-container\">\n\t\t\t\t\t\t\t<table class=\"avia-table avia-data-table avia-table-1 avia-builder-el-5 avia-builder-el-no-sibling avia_pricing_default\">\n<tbody>\n<tr class=\"avia-heading-row \">\n<th class=\" \">Location<\/th>\n<th class=\" \">Delivery<\/th>\n<th class=\" \">Delivery<\/th>\n<\/tr>\n<tr class=\" \">\n<td class=\"\">Pulkve\u017ea brie\u017ea iela 40, Liep\u0101ja<\/td>\n<td class=\"\">Free<\/td>\n<td class=\"\">Free<\/td>\n<\/tr>\n<tr class=\"\">\n<td class=\"\">Liepaja bus station<\/td>\n<td class=\"\">\u20ac 10<\/td>\n<td class=\"\">\u20ac 10<\/td>\n<\/tr>\n<tr class=\"\">\n<td class=\"\">Liepaja Airport<\/td>\n<td class=\"\">\u20ac 10<\/td>\n<td class=\"\">\u20ac 10<\/td>\n<\/tr>\n<tr class=\"\">\n<td class=\"\">Palanga Airport<\/td>\n<td class=\"\">\u20ac 70<\/td>\n<td class=\"\">\u20ac 70<\/td>\n<\/tr>\n<tr class=\"\">\n<td class=\"\">Ventspils Passenger Port<\/td>\n<td class=\"\">\u20ac 80<\/td>\n<td class=\"\">\u20ac 80<\/td>\n<\/tr>\n<tr class=\"\">\n<td class=\"\">Other city<\/td>\n<td class=\"\">By agreement<\/td>\n<td class=\"\">By agreement<\/td>\n<\/tr>\n<\/tbody>\n<\/table>\t\t\t\t\t\t<\/div>\n\t\t\t\t<\/div>\n\t\t\t\t\t<\/div>\n\t\t<\/div>\n\t\t\t\t\t\t\t<\/div>\n\t\t<\/section>\n\t\t\t\t\t\t\t<\/div>\n\t\t","protected":false},"excerpt":{"rendered":"<p>Car delivery We offer car delivery to our specified addresses for a fee. See prices in the table below. We also offer car delivery to any other address, but at an individual price, which can be agreed by calling or e-mail. Location Delivery Delivery Pulkve\u017ea brie\u017ea iela 40, Liep\u0101ja Free Free Liepaja bus station \u20ac [&hellip;]<\/p>\n","protected":false},"author":1,"featured_media":0,"parent":0,"menu_order":0,"comment_status":"closed","ping_status":"closed","template":"","meta":{"footnotes":""},"class_list":["post-519","page","type-page","status-publish","hentry"],"_links":{"self":[{"href":"https:\/\/www.rentnoma.lv\/en\/wp-json\/wp\/v2\/pages\/519","targetHints":{"allow":["GET"]}}],"collection":[{"href":"https:\/\/www.rentnoma.lv\/en\/wp-json\/wp\/v2\/pages"}],"about":[{"href":"https:\/\/www.rentnoma.lv\/en\/wp-json\/wp\/v2\/types\/page"}],"author":[{"embeddable":true,"href":"https:\/\/www.rentnoma.lv\/en\/wp-json\/wp\/v2\/users\/1"}],"replies":[{"embeddable":true,"href":"https:\/\/www.rentnoma.lv\/en\/wp-json\/wp\/v2\/comments?post=519"}],"version-history":[{"count":5,"href":"https:\/\/www.rentnoma.lv\/en\/wp-json\/wp\/v2\/pages\/519\/revisions"}],"predecessor-version":[{"id":530,"href":"https:\/\/www.rentnoma.lv\/en\/wp-json\/wp\/v2\/pages\/519\/revisions\/530"}],"wp:attachment":[{"href":"https:\/\/www.rentnoma.lv\/en\/wp-json\/wp\/v2\/media?parent=519"}],"curies":[{"name":"wp","href":"https:\/\/api.w.org\/{rel}","templated":true}]}}